{"id":25958497,"date":"2025-10-09T07:06:54","date_gmt":"2025-10-09T11:06:54","guid":{"rendered":"https:\/\/lovingotham.com\/blog-in-english\/"},"modified":"2025-10-29T12:38:13","modified_gmt":"2025-10-29T16:38:13","slug":"blog","status":"publish","type":"page","link":"https:\/\/lovingotham.com\/es\/blog\/","title":{"rendered":"Blog"},"content":{"rendered":"<p>[et_pb_section fb_built=\u00bb1&#8243; _builder_version=\u00bb4.27.4&#8243; _module_preset=\u00bbdefault\u00bb global_colors_info=\u00bb{}\u00bb][et_pb_row _builder_version=\u00bb4.27.0&#8243; _module_preset=\u00bbdefault\u00bb width=\u00bb95%\u00bb custom_padding=\u00bb0px||0px||true|\u00bb global_colors_info=\u00bb{}\u00bb][et_pb_column type=\u00bb4_4&#8243; _builder_version=\u00bb4.27.0&#8243; _module_preset=\u00bbdefault\u00bb global_colors_info=\u00bb{}\u00bb][dipi_image_hotspot img_src=\u00bbhttps:\/\/lovingotham.com\/wp-content\/uploads\/2024\/01\/shape-new-color-v2-2024.webp\u00bb _builder_version=\u00bb4.27.4&#8243; _module_preset=\u00bbdefault\u00bb hover_enabled=\u00bb0&#8243; global_colors_info=\u00bb{}\u00bb hotspot_position_vertical_tablet=\u00bb-1%\u00bb sticky_enabled=\u00bb0&#8243;][dipi_image_hotspot_child title=\u00bbCorona\u00bb hotspot_image=\u00bbhttps:\/\/lovingotham.com\/wp-content\/uploads\/2023\/01\/chakra-icon-crown-spirituality.webp\u00bb img_alt=\u00bbCorona\u00bb hotspot_position_vertical=\u00bb17.1%\u00bb hotspot_position_horizontal=\u00bb46.5%\u00bb tooltip_title=\u00bbCorona\u00bb tooltip_desc=\u00bb<\/p>\n<p>Te conecta con el universo y el prop\u00f3sito de la vida. Cuando se bloquea, provoca desconexi\u00f3n y un enfoque en lo f\u00edsico.<\/p>\n<p>\u00bb show_tooltip_button=\u00bbon\u00bb tooltip_button_text=\u00bbRead More\u00bb tooltip_button_link=\u00bbhttps:\/\/lovingotham.com\/es\/project_category\/espiritualidad\/\u00bb tooltip_position=\u00bbbottom\u00bb tooltip_content_align=\u00bbcenter\u00bb use_tooltip_arrow=\u00bbon\u00bb hotspot_image_width_tablet=\u00bb70px\u00bb hotspot_image_width_phone=\u00bb50px\u00bb hotspot_image_width_last_edited=\u00bbon|desktop\u00bb hotspot_position_vertical_tablet=\u00bb15%\u00bb hotspot_position_vertical_phone=\u00bb15%\u00bb hotspot_position_vertical_last_edited=\u00bbon|phone\u00bb hotspot_position_horizontal_tablet=\u00bb46.5%\u00bb hotspot_position_horizontal_phone=\u00bb45%\u00bb hotspot_position_horizontal_last_edited=\u00bbon|tablet\u00bb tooltip_image_width_tablet=\u00bb70px\u00bb tooltip_image_width_phone=\u00bb50px\u00bb tooltip_image_width_last_edited=\u00bbon|desktop\u00bb _builder_version=\u00bb4.27.4&#8243; _module_preset=\u00bbdefault\u00bb global_colors_info=\u00bb{}\u00bb][\/dipi_image_hotspot_child][dipi_image_hotspot_child title=\u00bbTercer Ojo\u00bb hotspot_image=\u00bbhttps:\/\/lovingotham.com\/wp-content\/uploads\/2023\/01\/chakra-icon-third-eye-law-of-attraction.webp\u00bb img_alt=\u00bbTercer Ojo\u00bb hotspot_position_vertical=\u00bb24%\u00bb hotspot_position_horizontal=\u00bb46.5%\u00bb tooltip_img_alt=\u00bbTercer Ojo\u00bb tooltip_title=\u00bbTercer Ojo\u00bb tooltip_desc=\u00bb<\/p>\n<p>Potencia tu intuici\u00f3n. Bloqueado, te desconecta de la gu\u00eda y la direcci\u00f3n internas.<\/p>\n<p>\u00bb show_tooltip_button=\u00bbon\u00bb tooltip_button_text=\u00bbRead More\u00bb tooltip_button_link=\u00bbhttps:\/\/lovingotham.com\/es\/project_category\/ley-de-la-atraccion\/\u00bb tooltip_position=\u00bbbottom\u00bb tooltip_content_align=\u00bbcenter\u00bb use_tooltip_arrow=\u00bbon\u00bb hotspot_image_width_tablet=\u00bb70px\u00bb hotspot_image_width_phone=\u00bb50px\u00bb hotspot_image_width_last_edited=\u00bbon|desktop\u00bb hotspot_position_vertical_tablet=\u00bb23.5%\u00bb hotspot_position_vertical_phone=\u00bb23.5%\u00bb hotspot_position_vertical_last_edited=\u00bbon|phone\u00bb hotspot_position_horizontal_tablet=\u00bb46.5%\u00bb hotspot_position_horizontal_phone=\u00bb45%\u00bb hotspot_position_horizontal_last_edited=\u00bbon|phone\u00bb _builder_version=\u00bb4.27.4&#8243; _module_preset=\u00bbdefault\u00bb global_colors_info=\u00bb{}\u00bb][\/dipi_image_hotspot_child][dipi_image_hotspot_child title=\u00bbGarganta\u00bb hotspot_image=\u00bbhttps:\/\/lovingotham.com\/wp-content\/uploads\/2023\/01\/chakra-icon-throat-career-development.webp\u00bb img_alt=\u00bbGarganta\u00bb hotspot_position_vertical=\u00bb33.5%\u00bb hotspot_position_horizontal=\u00bb46.5%\u00bb tooltip_img_alt=\u00bbGarganta\u00bb tooltip_title=\u00bbGarganta\u00bb tooltip_desc=\u00bb<\/p>\n<p>Influye en la comunicaci\u00f3n y el liderazgo. Un bloqueo puede obstaculizar el crecimiento de tu carrera.<\/p>\n<p>\u00bb show_tooltip_button=\u00bbon\u00bb tooltip_button_text=\u00bbRead More\u00bb tooltip_button_link=\u00bbhttps:\/\/lovingotham.com\/es\/project_category\/desarrollo-profesional\/\u00bb tooltip_position=\u00bbbottom\u00bb tooltip_content_align=\u00bbcenter\u00bb use_tooltip_arrow=\u00bbon\u00bb hotspot_position_vertical_tablet=\u00bb33%\u00bb hotspot_position_vertical_phone=\u00bb33%\u00bb hotspot_position_vertical_last_edited=\u00bbon|phone\u00bb hotspot_position_horizontal_tablet=\u00bb46.5%\u00bb hotspot_position_horizontal_phone=\u00bb45%\u00bb hotspot_position_horizontal_last_edited=\u00bbon|desktop\u00bb _builder_version=\u00bb4.27.4&#8243; _module_preset=\u00bbdefault\u00bb hover_enabled=\u00bb0&#8243; global_colors_info=\u00bb{}\u00bb hotspot_image_width_last_edited=\u00bbon|desktop\u00bb sticky_enabled=\u00bb0&#8243; hotspot_image_width_tablet=\u00bb70px\u00bb hotspot_image_width_phone=\u00bb50px\u00bb][\/dipi_image_hotspot_child][dipi_image_hotspot_child title=\u00bbCoraz\u00f3n \u00bb hotspot_image=\u00bbhttps:\/\/lovingotham.com\/wp-content\/uploads\/2023\/01\/chakra-icon-heart-love.webp\u00bb img_alt=\u00bbCoraz\u00f3n \u00bb hotspot_position_vertical=\u00bb46.9%\u00bb hotspot_position_horizontal=\u00bb46.5%\u00bb tooltip_img_alt=\u00bbCoraz\u00f3n \u00bb tooltip_title=\u00bbCoraz\u00f3n \u00bb tooltip_desc=\u00bb<\/p>\n<p>Abre tu capacidad de amar y ser compasivo. Bloqueado, impide dar y recibir amor.<\/p>\n<p>\u00bb show_tooltip_button=\u00bbon\u00bb tooltip_button_text=\u00bbRead More\u00bb tooltip_button_link=\u00bbhttps:\/\/lovingotham.com\/es\/project_category\/amar\/\u00bb tooltip_position=\u00bbbottom\u00bb tooltip_content_align=\u00bbcenter\u00bb use_tooltip_arrow=\u00bbon\u00bb hotspot_image_width_tablet=\u00bb70px\u00bb hotspot_image_width_phone=\u00bb50px\u00bb hotspot_image_width_last_edited=\u00bbon|desktop\u00bb hotspot_position_vertical_tablet=\u00bb44%\u00bb hotspot_position_vertical_phone=\u00bb44%\u00bb hotspot_position_vertical_last_edited=\u00bbon|phone\u00bb hotspot_position_horizontal_tablet=\u00bb46.5%\u00bb hotspot_position_horizontal_phone=\u00bb45%\u00bb hotspot_position_horizontal_last_edited=\u00bbon|phone\u00bb _builder_version=\u00bb4.27.4&#8243; _module_preset=\u00bbdefault\u00bb global_colors_info=\u00bb{}\u00bb][\/dipi_image_hotspot_child][dipi_image_hotspot_child title=\u00bbPlexo Solar \u00bb hotspot_image=\u00bbhttps:\/\/lovingotham.com\/wp-content\/uploads\/2023\/01\/chakra-icon-solar-plexus-wellness.webp\u00bb img_alt=\u00bbPlexo Solar \u00bb hotspot_position_vertical=\u00bb57%\u00bb hotspot_position_horizontal=\u00bb46.5%\u00bb tooltip_img_alt=\u00bbPlexo Solar \u00bb tooltip_title=\u00bbPlexo Solar \u00bb tooltip_desc=\u00bb<\/p>\n<p>Aumenta la confianza y el control. Un bloqueo causa baja autoestima y dificultades mentales.<\/p>\n<p>\u00bb show_tooltip_button=\u00bbon\u00bb tooltip_button_text=\u00bbRead More\u00bb tooltip_button_link=\u00bbhttps:\/\/lovingotham.com\/es\/project_category\/bienestar\/\u00bb tooltip_position=\u00bbbottom\u00bb tooltip_content_align=\u00bbcenter\u00bb use_tooltip_arrow=\u00bbon\u00bb hotspot_image_width_tablet=\u00bb70px\u00bb hotspot_image_width_phone=\u00bb50px\u00bb hotspot_image_width_last_edited=\u00bbon|phone\u00bb hotspot_position_vertical_tablet=\u00bb54%\u00bb hotspot_position_vertical_phone=\u00bb54%\u00bb hotspot_position_vertical_last_edited=\u00bbon|desktop\u00bb hotspot_position_horizontal_tablet=\u00bb46.5%\u00bb hotspot_position_horizontal_phone=\u00bb45%\u00bb hotspot_position_horizontal_last_edited=\u00bbon|phone\u00bb _builder_version=\u00bb4.27.4&#8243; _module_preset=\u00bbdefault\u00bb global_colors_info=\u00bb{}\u00bb][\/dipi_image_hotspot_child][dipi_image_hotspot_child title=\u00bbSacro\u00bb hotspot_image=\u00bbhttps:\/\/lovingotham.com\/wp-content\/uploads\/2023\/01\/chakra-icon-sacra-bliss.webp\u00bb img_alt=\u00bbSacro\u00bb hotspot_position_vertical=\u00bb64.8%\u00bb hotspot_position_horizontal=\u00bb46.5%\u00bb tooltip_img_alt=\u00bbSacro\u00bb tooltip_title=\u00bbSacro\u00bb tooltip_desc=\u00bb<\/p>\n<p>Ligado al placer y a los deseos. Bloqueado, puede provocar culpa y problemas sexuales.<\/p>\n<p>\u00bb show_tooltip_button=\u00bbon\u00bb tooltip_button_text=\u00bbRead More\u00bb tooltip_button_link=\u00bbhttps:\/\/lovingotham.com\/es\/project_category\/beatitud\/\u00bb tooltip_position=\u00bbbottom\u00bb tooltip_content_align=\u00bbcenter\u00bb use_tooltip_arrow=\u00bbon\u00bb hotspot_image_width_tablet=\u00bb70px\u00bb hotspot_image_width_phone=\u00bb50px\u00bb hotspot_image_width_last_edited=\u00bbon|desktop\u00bb hotspot_position_vertical_tablet=\u00bb63%\u00bb hotspot_position_vertical_phone=\u00bb63%\u00bb hotspot_position_vertical_last_edited=\u00bbon|desktop\u00bb hotspot_position_horizontal_tablet=\u00bb46.5%\u00bb hotspot_position_horizontal_phone=\u00bb45%\u00bb hotspot_position_horizontal_last_edited=\u00bbon|phone\u00bb _builder_version=\u00bb4.27.4&#8243; _module_preset=\u00bbdefault\u00bb global_colors_info=\u00bb{}\u00bb][\/dipi_image_hotspot_child][dipi_image_hotspot_child title=\u00bbRa\u00edz \u00bb hotspot_image=\u00bbhttps:\/\/lovingotham.com\/wp-content\/uploads\/2023\/01\/chakra-icon-root-life.webp\u00bb img_alt=\u00bbRa\u00edz \u00bb hotspot_position_vertical=\u00bb73.4%\u00bb hotspot_position_horizontal=\u00bb46.5%\u00bb tooltip_img_alt=\u00bbRa\u00edz\u00bb tooltip_title=\u00bbRa\u00edz\u00bb tooltip_desc=\u00bb<\/p>\n<p>Proporciona estabilidad en la vida y las finanzas. Cuando se bloquea, afecta la seguridad familiar y el bienestar material.<\/p>\n<p>\u00bb show_tooltip_button=\u00bbon\u00bb tooltip_button_text=\u00bbRead More\u00bb tooltip_button_link=\u00bbhttps:\/\/lovingotham.com\/es\/category\/hogar\/\u00bb tooltip_position=\u00bbbottom\u00bb tooltip_content_align=\u00bbcenter\u00bb use_tooltip_arrow=\u00bbon\u00bb hotspot_image_width_tablet=\u00bb70px\u00bb hotspot_image_width_phone=\u00bb50px\u00bb hotspot_image_width_last_edited=\u00bbon|tablet\u00bb hotspot_position_vertical_tablet=\u00bb72%\u00bb hotspot_position_vertical_phone=\u00bb72%\u00bb hotspot_position_vertical_last_edited=\u00bbon|phone\u00bb hotspot_position_horizontal_tablet=\u00bb46.5%\u00bb hotspot_position_horizontal_phone=\u00bb45%\u00bb hotspot_position_horizontal_last_edited=\u00bbon|phone\u00bb _builder_version=\u00bb4.27.4&#8243; _module_preset=\u00bbdefault\u00bb global_colors_info=\u00bb{}\u00bb][\/dipi_image_hotspot_child][\/dipi_image_hotspot][\/et_pb_column][\/et_pb_row][\/et_pb_section]<\/p>\n","protected":false},"excerpt":{"rendered":"<p><div class=\"et_pb_module dipi_image_hotspot dipi_image_hotspot_0\">\n\t\t\t\t\n\t\t\t\t\n\t\t\t\t\n\t\t\t\t\n\t\t\t\t\n\t\t\t\t\n\t\t\t\t<div class=\"et_pb_module_inner\">\n\t\t\t\t\t\n\t\t\t<div class=\"dipi-image-hotspot dipi-trigger_on_click-off\" data-order-number=\"0\">\n\t\t\t\t<img decoding=\"async\" src=\"https:\/\/lovingotham.com\/wp-content\/uploads\/2024\/01\/shape-new-color-v2-2024.webp\" class=\"dipi-hotspot-bg-image-main\" alt=\"\">\n\t\t\t\t\n\t\t\t<\/div>\n\t\t\t\t<\/div>\n\t\t\t<\/div><div class=\"et_pb_module dipi_image_hotspot_child dipi_image_hotspot_child_0\">\n\t\t\t\t\n\t\t\t\t\n\t\t\t\t\n\t\t\t\t\n\t\t\t\t\n\t\t\t\t\n\t\t\t\t<div class=\"et_pb_module_inner\">\n\t\t\t\t\t\n            <div class=\"dipi-image-hotspot-child\">\n                \n                    <div\n                        class=\"dipi-tooltip-wrap dipi-tooltip-position-\u00bbbottom\u00bb  animated fadeIn\"\n                        data-order-number=\"0\"\n                    >\n                        \n                        \n            <h2 class=\"dipi-tooltip-title\">\n                \u00bbCorona\u00bb\n            <\/h2>\n                        \n            <div class=\"dipi-tooltip-desc\">\n                \u00bbTe\n            <\/div>\n                        \n                    <\/div>\n                \n            <div class=\"dipi-hotspot\">\n                \n                    <img decoding=\"async\" style=\"animation: pulse-key1285271231 3s linear infinite;\" src=\"\u00bbhttps:\/\/lovingotham.com\/wp-content\/uploads\/2023\/01\/chakra-icon-crown-spirituality.webp\u00bb\" class=\"dipi-hotspot-image\" alt=\"\u00bbCorona\u00bb\">\n                    \n                    \n                \n            <\/div>\n            <\/div>\n\t\t\t\t<\/div>\n\t\t\t<\/div><\/p>\n","protected":false},"author":2,"featured_media":0,"parent":0,"menu_order":0,"comment_status":"closed","ping_status":"closed","template":"","meta":{"_et_pb_use_builder":"on","_et_pb_old_content":"","_et_gb_content_width":"","footnotes":""},"dipi_cpt_category":[],"class_list":["post-25958497","page","type-page","status-publish","hentry"],"_links":{"self":[{"href":"https:\/\/lovingotham.com\/es\/wp-json\/wp\/v2\/pages\/25958497","targetHints":{"allow":["GET"]}}],"collection":[{"href":"https:\/\/lovingotham.com\/es\/wp-json\/wp\/v2\/pages"}],"about":[{"href":"https:\/\/lovingotham.com\/es\/wp-json\/wp\/v2\/types\/page"}],"author":[{"embeddable":true,"href":"https:\/\/lovingotham.com\/es\/wp-json\/wp\/v2\/users\/2"}],"replies":[{"embeddable":true,"href":"https:\/\/lovingotham.com\/es\/wp-json\/wp\/v2\/comments?post=25958497"}],"version-history":[{"count":0,"href":"https:\/\/lovingotham.com\/es\/wp-json\/wp\/v2\/pages\/25958497\/revisions"}],"wp:attachment":[{"href":"https:\/\/lovingotham.com\/es\/wp-json\/wp\/v2\/media?parent=25958497"}],"wp:term":[{"taxonomy":"dipi_cpt_category","embeddable":true,"href":"https:\/\/lovingotham.com\/es\/wp-json\/wp\/v2\/dipi_cpt_category?post=25958497"}],"curies":[{"name":"wp","href":"https:\/\/api.w.org\/{rel}","templated":true}]}}