{"id":25957965,"date":"2023-01-30T13:36:18","date_gmt":"2023-01-30T18:36:18","guid":{"rendered":"https:\/\/lovingotham.com\/conozca-al-ceo\/"},"modified":"2025-10-26T11:04:54","modified_gmt":"2025-10-26T15:04:54","slug":"conozca-al-ceo","status":"publish","type":"page","link":"https:\/\/lovingotham.com\/es\/conozca-al-ceo\/","title":{"rendered":"Conozca al CEO"},"content":{"rendered":"<p>[et_pb_section fb_built=\u00bb1&#8243; admin_label=\u00bbSection\u00bb _builder_version=\u00bb4.27.0&#8243; _module_preset=\u00bbdefault\u00bb use_background_color_gradient=\u00bbon\u00bb background_color_gradient_stops=\u00bb#faeff0 0%|#faeff0 100%\u00bb width_tablet=\u00bb\u00bb width_phone=\u00bb\u00bb width_last_edited=\u00bbon|desktop\u00bb custom_margin=\u00bb0px||0px||false|false\u00bb custom_padding=\u00bb30px||30px||false|false\u00bb bottom_divider_style=\u00bbwave\u00bb bottom_divider_color=\u00bb#ffffff\u00bb bottom_divider_height=\u00bb182px\u00bb bottom_divider_repeat=\u00bb1x\u00bb bottom_divider_height_tablet=\u00bb182px\u00bb bottom_divider_height_phone=\u00bb33px\u00bb bottom_divider_height_last_edited=\u00bbon|phone\u00bb locked=\u00bboff\u00bb global_colors_info=\u00bb{}\u00bb][et_pb_row column_structure=\u00bb3_5,2_5&#8243; use_custom_gutter=\u00bbon\u00bb gutter_width=\u00bb1&#8243; make_equal=\u00bbon\u00bb _builder_version=\u00bb4.27.0&#8243; _module_preset=\u00bbdefault\u00bb width=\u00bb95%\u00bb max_width=\u00bb1440px\u00bb custom_margin=\u00bb30px||30px||true|false\u00bb custom_padding=\u00bb30px||30px||true|false\u00bb global_colors_info=\u00bb{}\u00bb][et_pb_column type=\u00bb3_5&#8243; _builder_version=\u00bb4.27.0&#8243; _module_preset=\u00bbdefault\u00bb global_colors_info=\u00bb{}\u00bb][dipi_parallax_images _builder_version=\u00bb4.27.4&#8243; _module_preset=\u00bbdefault\u00bb width=\u00bb75%\u00bb width_tablet=\u00bb75%\u00bb width_phone=\u00bb75%\u00bb width_last_edited=\u00bbon|phone\u00bb module_alignment=\u00bbcenter\u00bb height_tablet=\u00bb\u00bb height_phone=\u00bb\u00bb height_last_edited=\u00bbon|tablet\u00bb custom_margin_tablet=\u00bb\u00bb custom_margin_phone=\u00bb||31px||false|false\u00bb custom_margin_last_edited=\u00bbon|phone\u00bb hover_enabled=\u00bb0&#8243; global_colors_info=\u00bb{}\u00bb sticky_enabled=\u00bb0&#8243;][dipi_parallax_images_item image=\u00bbhttps:\/\/lovingotham.com\/wp-content\/uploads\/2025\/10\/chakra-leaves-background.webp\u00bb depth_x=\u00bb-0.1&#8243; depth_y=\u00bb0.15&#8243; _builder_version=\u00bb4.27.4&#8243; _module_preset=\u00bbdefault\u00bb hover_enabled=\u00bb0&#8243; global_colors_info=\u00bb{}\u00bb title_text=\u00bbchakra-leaves-background\u00bb sticky_enabled=\u00bb0&#8243;][\/dipi_parallax_images_item][dipi_parallax_images_item image=\u00bbhttps:\/\/lovingotham.com\/wp-content\/uploads\/2025\/10\/WhatsApp-Image1.webp\u00bb depth_x=\u00bb0.37&#8243; depth_y=\u00bb-0.15&#8243; position_y=\u00bb2.1%\u00bb _builder_version=\u00bb4.27.4&#8243; _module_preset=\u00bbdefault\u00bb global_colors_info=\u00bb{}\u00bb][\/dipi_parallax_images_item][\/dipi_parallax_images][\/et_pb_column][et_pb_column type=\u00bb2_5&#8243; _builder_version=\u00bb4.27.0&#8243; _module_preset=\u00bbdefault\u00bb custom_css_main_element=\u00bbmargin:auto;\u00bb global_colors_info=\u00bb{}\u00bb][dipi_text_highlighter text_highlighter_prefix=\u00bbMi nombre es \u00bb text_highlighter_text=\u00bbRoci\u00f3 Solaire Roca \u00bb text_highlighter_suffix=\u00bby nac\u00ed en Brooklyn, NY.\u00bb text_wrapper_tag=\u00bbh1&#8243; text_direction=\u00bbinline\u00bb stroke_color=\u00bb#eaa6cb\u00bb _builder_version=\u00bb4.27.2&#8243; _module_preset=\u00bbdefault\u00bb all_text_text_align=\u00bbleft\u00bb all_text_font_size=\u00bb44px\u00bb custom_margin=\u00bb||0px||false|false\u00bb custom_padding=\u00bb||20px||false|false\u00bb all_text_text_align_tablet=\u00bbleft\u00bb all_text_text_align_phone=\u00bbcenter\u00bb all_text_text_align_last_edited=\u00bbon|phone\u00bb global_colors_info=\u00bb{}\u00bb][\/dipi_text_highlighter][et_pb_text content_tablet=\u00bb<\/p>\n<p style=%22text-align: left;%22>Your one-stop community where we help you find your purpose and restore balance to your mind, body, and soul. Here, all you need is one door, and you\u2019ll find the support you need to build a fulfilling and prosperous life.<\/p>\n<p>\u00bb content_phone=\u00bb<\/p>\n<p style=%22text-align: center;%22>Your one-stop community where we help you find your purpose and restore balance to your mind, body, and soul. Here, all you need is one door, and you\u2019ll find the support you need to build a fulfilling and prosperous life.<\/p>\n<p>\u00bb content_last_edited=\u00bbon|phone\u00bb _builder_version=\u00bb4.27.2&#8243; _module_preset=\u00bbdefault\u00bb text_text_color=\u00bb#ea0985&#8243; text_font_size=\u00bb18px\u00bb header_text_align=\u00bbcenter\u00bb header_text_color=\u00bb#ea0985&#8243; header_font_size=\u00bb48px\u00bb header_letter_spacing=\u00bb1px\u00bb header_line_height=\u00bb1.2em\u00bb max_width_tablet=\u00bb\u00bb max_width_phone=\u00bb90%\u00bb max_width_last_edited=\u00bbon|phone\u00bb module_alignment=\u00bbcenter\u00bb global_colors_info=\u00bb{}\u00bb]<\/p>\n<p style=\"text-align: left;\">Cuando ten\u00eda 4 a\u00f1os, mi familia se mud\u00f3 a <strong>Washington Heights<\/strong>, que es el hogar de la mayor poblaci\u00f3n de dominicanos en EE. UU.<br \/>Conoce m\u00e1s sobre m\u00ed&#8230;<\/p>\n<p>[\/et_pb_text][\/et_pb_column][\/et_pb_row][\/et_pb_section][et_pb_section fb_built=\u00bb1&#8243; _builder_version=\u00bb4.27.0&#8243; _module_preset=\u00bbdefault\u00bb custom_margin=\u00bb||||false\u00bb locked=\u00bboff\u00bb global_colors_info=\u00bb{}\u00bb][et_pb_row _builder_version=\u00bb4.27.0&#8243; _module_preset=\u00bbdefault\u00bb background_enable_color=\u00bboff\u00bb width_tablet=\u00bb\u00bb width_phone=\u00bb95%\u00bb width_last_edited=\u00bbon|phone\u00bb custom_margin=\u00bb||||true\u00bb custom_padding=\u00bb|30px||30px|true|true\u00bb global_colors_info=\u00bb{}\u00bb][et_pb_column type=\u00bb4_4&#8243; _builder_version=\u00bb4.23.1&#8243; _module_preset=\u00bbdefault\u00bb global_colors_info=\u00bb{}\u00bb][et_pb_text _builder_version=\u00bb4.27.2&#8243; _module_preset=\u00bbdefault\u00bb text_font_size=\u00bb16px\u00bb header_2_text_color=\u00bb#8F00F5&#8243; custom_margin_last_edited=\u00bboff|desktop\u00bb custom_padding=\u00bb0px|150px|0px|150px|false|true\u00bb custom_padding_tablet=\u00bb|0px||0px|false|true\u00bb custom_padding_phone=\u00bb|||||true\u00bb custom_padding_last_edited=\u00bbon|desktop\u00bb global_colors_info=\u00bb{}\u00bb]<\/p>\n<p style=\"text-align: justify;\">Fui una estudiante de sobresaliente en todas las materias, pero siempre mostr\u00e9 un inter\u00e9s especial por las matem\u00e1ticas, por lo que ten\u00eda sentido que, ya de adulta, terminara eligiendo una carrera en Finanzas.<\/p>\n<p style=\"text-align: justify;\">Aunque crec\u00ed en un hogar dominicano tradicional, donde mi padre trabajaba mientras mi madre se quedaba en casa, estuve rodeada de mujeres fuertes e independientes que me influenciaron profundamente. Esto me llev\u00f3 a rebelarme temprano contra mi cultura machista. En lugar de identificarme con mi madre sumisa, idolatraba a <strong>Madonna<\/strong>. \u00a1Por supuesto, esto me meti\u00f3 en muchos problemas mientras crec\u00eda! \u00a1LOL!<\/p>\n<p style=\"text-align: justify;\">Siendo adolescente, me enviaron a una escuela cat\u00f3lica solo para chicas en un intento fallido de mantenerme alejada de los chicos. Pero al escuchar las apasionadas canciones de los a\u00f1os 80 y ver pel\u00edculas rom\u00e1nticas, desarroll\u00e9 una obsesi\u00f3n con el AMOR. A los 16 a\u00f1os, tuve mi primer NOVIO. A los 17, tuve un segundo NOVIO y a los 18, me convert\u00ed en madre soltera.<\/p>\n<p style=\"text-align: justify;\">Ser madre soltera a una edad tan temprana fue un desaf\u00edo enorme. Pero con la ayuda de mis padres, no renunci\u00e9 a mis sue\u00f1os de convertirme en una <strong>mujer de carrera<\/strong>.<\/p>\n<p style=\"text-align: justify;\">Ingres\u00e9 a la industria de valores en 1998. Mi tiempo en el piso de la <strong>Bolsa de Nueva York<\/strong> fue una de las mejores \u00e9pocas de mi vida. \u00bfC\u00f3mo no amarlo? Adrenalina, dinero, poder. Todo mientras los hombres m\u00e1s ricos del pa\u00eds se inclinaban ante m\u00ed mientras hac\u00eda mis recorridos diarios.<\/p>\n<p style=\"text-align: justify;\">Despu\u00e9s de muchos a\u00f1os de una <strong>carrera muy exitosa<\/strong>, eventualmente, mi trabajo comenz\u00f3 a sentirse poco gratificante y emocionalmente vac\u00edo. Aunque sobresal\u00eda en mi profesi\u00f3n y conectaba bien con mis clientes, sent\u00eda que pod\u00eda hacer m\u00e1s para mejorar la vida de las personas. Me faltaba algo y no sab\u00eda qu\u00e9 era, as\u00ed que me volqu\u00e9 a la espiritualidad en un intento de encontrarme a m\u00ed misma, y fue entonces cuando descubr\u00ed mi verdadero prop\u00f3sito.<\/p>\n<p style=\"text-align: justify;\">Despu\u00e9s de 23 a\u00f1os, decid\u00ed tomar todo el conocimiento que hab\u00eda adquirido y usarlo para mejorar la vida de los residentes de mi propia comunidad en<strong> Mount Vernon, NY, abriendo mi propia Agencia de Seguros y Finanzas<\/strong>.<\/p>\n<p style=\"text-align: justify;\">Eleg\u00ed esta ciudad porque es donde resido y donde veo las mismas brechas y preocupaciones que sent\u00ed al crecer en Washington Heights. Sab\u00eda que pod\u00eda generar un cambio real.<\/p>\n<p style=\"text-align: justify;\">Pero no me detuve ah\u00ed.<\/p>\n<p style=\"text-align: justify;\">Quer\u00eda llegar a la mayor cantidad de personas posible, as\u00ed que cre\u00e9 la comunidad LovinGotham. <strong>LovinGotham es un centro integral para el desarrollo personal y profesional<\/strong>. Ofrecemos un centro de bienestar inclusivo donde puedes alcanzar todas tus metas en un solo lugar, sin necesidad de ir a CINCUENTA sitios diferentes en busca de ayuda. Logramos esto colaborando con expertos en cada \u00e1rea de la vida.<\/p>\n<p style=\"text-align: justify;\">Es a trav\u00e9s del servicio a la comunidad subrepresentada de <strong>Mount Vernon<\/strong> y mediante el programa <strong>LovinGotham<\/strong> que he encontrado el rol que estaba destinada a cumplir: ayudar a personas de todos los \u00e1mbitos a encontrar su prop\u00f3sito, lo que eventualmente los llevar\u00e1 a una vida de Verdadera Prosperidad.<\/p>\n<p>[\/et_pb_text][\/et_pb_column][\/et_pb_row][\/et_pb_section][et_pb_section fb_built=\u00bb1&#8243; prev_background_color=\u00bb#000000&#8243; _builder_version=\u00bb4.27.0&#8243; _module_preset=\u00bbdefault\u00bb background_enable_color=\u00bboff\u00bb custom_padding=\u00bb36px||36px||true|\u00bb top_divider_style=\u00bbnone\u00bb top_divider_height_tablet=\u00bb\u00bb top_divider_height_phone=\u00bb37px\u00bb top_divider_height_last_edited=\u00bbon|phone\u00bb bottom_divider_height_tablet=\u00bb\u00bb bottom_divider_height_phone=\u00bb37px\u00bb bottom_divider_height_last_edited=\u00bbon|phone\u00bb locked=\u00bboff\u00bb global_colors_info=\u00bb{}\u00bb][et_pb_row _builder_version=\u00bb4.23.1&#8243; _module_preset=\u00bbdefault\u00bb custom_padding=\u00bb0px||0px|||\u00bb global_colors_info=\u00bb{}\u00bb][et_pb_column type=\u00bb4_4&#8243; _builder_version=\u00bb4.23.1&#8243; _module_preset=\u00bbdefault\u00bb global_colors_info=\u00bb{}\u00bb][et_pb_video src=\u00bbhttps:\/\/www.youtube.com\/watch?v=sD_0_3wGOfo\u00bb _builder_version=\u00bb4.23.1&#8243; _module_preset=\u00bbdefault\u00bb border_radii=\u00bbon|10px|10px|10px|10px\u00bb global_colors_info=\u00bb{}\u00bb][\/et_pb_video][\/et_pb_column][\/et_pb_row][et_pb_row _builder_version=\u00bb4.23.1&#8243; _module_preset=\u00bbdefault\u00bb global_colors_info=\u00bb{}\u00bb][et_pb_column type=\u00bb4_4&#8243; _builder_version=\u00bb4.23.1&#8243; _module_preset=\u00bbdefault\u00bb global_colors_info=\u00bb{}\u00bb][et_pb_button button_url=\u00bb@ET-DC@eyJkeW5hbWljIjp0cnVlLCJjb250ZW50IjoicG9zdF9saW5rX3VybF9wYWdlIiwic2V0dGluZ3MiOnsicG9zdF9pZCI6IjIyNjYifX0=@\u00bb button_text=\u00bbConoce a los Colaboradores\u00bb button_alignment=\u00bbcenter\u00bb _builder_version=\u00bb4.27.2&#8243; _dynamic_attributes=\u00bbbutton_url\u00bb _module_preset=\u00bbdefault\u00bb global_colors_info=\u00bb{}\u00bb][\/et_pb_button][\/et_pb_column][\/et_pb_row][\/et_pb_section]<\/p>\n","protected":false},"excerpt":{"rendered":"<p><div class=\"et_pb_module dipi_parallax_images dipi_parallax_images_0\">\n\t\t\t\t\n\t\t\t\t\n\t\t\t\t\n\t\t\t\t\n\t\t\t\t\n\t\t\t\t\n\t\t\t\t<div class=\"et_pb_module_inner\">\n\t\t\t\t\t\n            <div class=\"dipi-parallax-images\" data-hoveronly=\"off\">\n                <div class=\"et_pb_module dipi_parallax_images_item dipi_parallax_images_item_0\">\n\t\t\t\t\n\t\t\t\t\n\t\t\t\t\n\t\t\t\t\n\t\t\t\t\n\t\t\t\t\n\t\t\t\t<div class=\"et_pb_module_inner\">\n\t\t\t\t\t\n            <div class=\"dipi-pi-item-image\" \n                data-depth-x=\"-0.1\" data-depth-x-tablet=\"-0.1\" data-depth-x-phone=\"-0.1\"\n                data-depth-y=\"0.15\" data-depth-y-tablet=\"0.15\" data-depth-y-phone=\"0.15\"\n            >\n                <img decoding=\"async\" src=\"https:\/\/lovingotham.com\/wp-content\/uploads\/2025\/10\/chakra-leaves-background.webp\" alt=\"\" \/>\n                \n            <\/div>\n\t\t\t\t<\/div>\n\t\t\t<\/div><div class=\"et_pb_module dipi_parallax_images_item dipi_parallax_images_item_1\">\n\t\t\t\t\n\t\t\t\t\n\t\t\t\t\n\t\t\t\t\n\t\t\t\t\n\t\t\t\t\n\t\t\t\t<div class=\"et_pb_module_inner\">\n\t\t\t\t\t\n            <div class=\"dipi-pi-item-image\" \n                data-depth-x=\"0.37\" data-depth-x-tablet=\"0.37\" data-depth-x-phone=\"0.37\"\n                data-depth-y=\"-0.15\" data-depth-y-tablet=\"-0.15\" data-depth-y-phone=\"-0.15\"\n            >\n                <img decoding=\"async\" src=\"https:\/\/lovingotham.com\/wp-content\/uploads\/2025\/10\/WhatsApp-Image1.webp\" alt=\"\" \/>\n                \n            <\/div>\n\t\t\t\t<\/div>\n\t\t\t<\/div>\n            <\/div>\n        \n\t\t\t\t<\/div>\n\t\t\t<\/div><div class=\"et_pb_module dipi_text_highlighter dipi_text_highlighter_0\">\n\t\t\t\t\n\t\t\t\t\n\t\t\t\t\n\t\t\t\t\n\t\t\t\t\n\t\t\t\t\n\t\t\t\t<div class=\"et_pb_module_inner\">\n\t\t\t\t\t<\u00bbh1&#8243; class=\"dipi-highlight-text-wrapper\" data-config=\"{&quot;animation_start&quot;:&quot;in_a_viewport&quot;,&quot;animation_start_viewport&quot;:&quot;75%&quot;,&quot;animation_delay&quot;:&quot;0ms&quot;,&quot;animation_duration&quot;:&quot;800ms&quot;,&quot;delay_after_animation&quot;:&quot;3000ms&quot;,&quot;repeat_mode&quot;:&quot;infinite&quot;,&quot;count_mode&quot;:&quot;everytime_in_viewport&quot;,&quot;animation_repeat_counts&quot;:&quot;3&quot;,&quot;reverse_animation&quot;:&quot;off&quot;,&quot;id&quot;:&quot;dipi_text_highlighter_0_wrapper&quot;}\">\n\t\t\t\t\t<span class=\"dipi-highlight-prefix-text dipi-text-affixes\">\u00bbMi<\/span><span class=\"dipi-text-highlight-wrapper {&quot;animation_start&quot;:&quot;in_a_viewport&quot;,&quot;animation_start_viewport&quot;:&quot;75%&quot;,&quot;animation_delay&quot;:&quot;0ms&quot;,&quot;animation_duration&quot;:&quot;800ms&quot;,&quot;delay_after_animation&quot;:&quot;3000ms&quot;,&quot;repeat_mode&quot;:&quot;infinite&quot;,&quot;count_mode&quot;:&quot;everytime_in_viewport&quot;,&quot;animation_repeat_counts&quot;:&quot;3&quot;,&quot;reverse_animation&quot;:&quot;off&quot;,&quot;id&quot;:&quot;dipi_text_highlighter_0_wrapper&quot;}\"><span class=\"dipi-text-highlight-text dipi-text-highlight-text\">\u00bbRoci\u00f3<\/span><span class=\"dipi-text-highlight-svg\"><svg xmlns=\"http:\/\/www.w3.org\/2000\/svg\" viewBox=\"0 0 500 150\" preserveAspectRatio=\"none\"><path d=\"M7.7,145.6C109,125,299.9,116.2,401,121.3c42.1,2.2,87.6,11.8,87.3,25.7\"><\/path><\/svg><\/span><\/span><span class=\"dipi-highlight-suffix-text dipi-text-affixes\">\u00bby<\/span>\n\t\t\t<\/\u00bbh1&#8243;>\n\t\t\t\t<\/div>\n\t\t\t<\/div><\/p>\n","protected":false},"author":2,"featured_media":0,"parent":0,"menu_order":0,"comment_status":"closed","ping_status":"closed","template":"","meta":{"_et_pb_use_builder":"on","_et_pb_old_content":"","_et_gb_content_width":"","footnotes":""},"dipi_cpt_category":[],"class_list":["post-25957965","page","type-page","status-publish","hentry"],"_links":{"self":[{"href":"https:\/\/lovingotham.com\/es\/wp-json\/wp\/v2\/pages\/25957965","targetHints":{"allow":["GET"]}}],"collection":[{"href":"https:\/\/lovingotham.com\/es\/wp-json\/wp\/v2\/pages"}],"about":[{"href":"https:\/\/lovingotham.com\/es\/wp-json\/wp\/v2\/types\/page"}],"author":[{"embeddable":true,"href":"https:\/\/lovingotham.com\/es\/wp-json\/wp\/v2\/users\/2"}],"replies":[{"embeddable":true,"href":"https:\/\/lovingotham.com\/es\/wp-json\/wp\/v2\/comments?post=25957965"}],"version-history":[{"count":0,"href":"https:\/\/lovingotham.com\/es\/wp-json\/wp\/v2\/pages\/25957965\/revisions"}],"wp:attachment":[{"href":"https:\/\/lovingotham.com\/es\/wp-json\/wp\/v2\/media?parent=25957965"}],"wp:term":[{"taxonomy":"dipi_cpt_category","embeddable":true,"href":"https:\/\/lovingotham.com\/es\/wp-json\/wp\/v2\/dipi_cpt_category?post=25957965"}],"curies":[{"name":"wp","href":"https:\/\/api.w.org\/{rel}","templated":true}]}}