{"id":25957957,"date":"2023-01-15T21:02:10","date_gmt":"2023-01-16T02:02:10","guid":{"rendered":"https:\/\/lovingotham.com\/tienda-en-linea\/"},"modified":"2025-10-09T10:09:27","modified_gmt":"2025-10-09T14:09:27","slug":"tienda-en-linea","status":"publish","type":"page","link":"https:\/\/lovingotham.com\/es\/tienda-en-linea\/","title":{"rendered":"Tienda en l\u00ednea"},"content":{"rendered":"<p>[et_pb_section fb_built=\u00bb1&#8243; _builder_version=\u00bb4.19.4&#8243; _module_preset=\u00bbdefault\u00bb global_colors_info=\u00bb{}\u00bb][et_pb_row column_structure=\u00bb2_5,3_5&#8243; _builder_version=\u00bb4.19.4&#8243; _module_preset=\u00bbdefault\u00bb global_colors_info=\u00bb{}\u00bb][et_pb_column type=\u00bb2_5&#8243; _builder_version=\u00bb4.19.4&#8243; _module_preset=\u00bbdefault\u00bb global_colors_info=\u00bb{}\u00bb][et_pb_image src=\u00bbhttps:\/\/lovingotham.com\/wp-content\/uploads\/2024\/10\/juego-de-amor-aprende-y-gana.jpg\u00bb title_text=\u00bbjuego de amor aprende y gana\u00bb align=\u00bbcenter\u00bb _builder_version=\u00bb4.27.2&#8243; _module_preset=\u00bbdefault\u00bb global_colors_info=\u00bb{}\u00bb][\/et_pb_image][\/et_pb_column][et_pb_column type=\u00bb3_5&#8243; _builder_version=\u00bb4.19.4&#8243; _module_preset=\u00bbdefault\u00bb global_colors_info=\u00bb{}\u00bb][et_pb_text _builder_version=\u00bb4.27.2&#8243; _module_preset=\u00bbdefault\u00bb global_colors_info=\u00bb{}\u00bb]<\/p>\n<h1 style=\"text-align: justify;\">Juego de amor \u00a1Aprende y Gana!<\/h1>\n<p>Descubre las reglas y estrategias para ganar en el juego del amor<\/p>\n<p>Todo juego viene con instrucciones y una estrategia ganadora. El juego del amor no es la excepci\u00f3n. En este curso, aprender\u00e1s a comprender y aplicar las reglas esenciales para construir relaciones amorosas saludables y duraderas.  <\/p>\n<p>\u00bfQu\u00e9 aprender\u00e1s?<\/p>\n<p>Entender las din\u00e1micas del amor: Identifica las etapas y cambios en una relaci\u00f3n.<\/p>\n<p>Comunicaci\u00f3n efectiva: Desarrolla habilidades para expresar tus sentimientos y necesidades de manera clara y respetuosa.<\/p>\n<p>Autoconfianza y autoestima: Fortalece tu amor propio para atraer y mantener relaciones sanas.<\/p>\n<p>Estrategias para el amor duradero: Aprende t\u00e9cnicas y enfoques pr\u00e1cticos para mantener viva la chispa en tu relaci\u00f3n.<\/p>\n<p>[\/et_pb_text][dipi_button_grid flex_direction=\u00bbrow\u00bb justify_content=\u00bbflex-start\u00bb _builder_version=\u00bb4.27.2&#8243; _module_preset=\u00bbdefault\u00bb global_colors_info=\u00bb{}\u00bb][dipi_button_grid_child button_text=\u00bbC\u00f3mpralo ahora\u00bb button_link=\u00bbhttps:\/\/lovingotham.systeme.io\/juegodeamor\u00bb _builder_version=\u00bb4.27.2&#8243; _module_preset=\u00bbdefault\u00bb custom_button=\u00bbon\u00bb button_border_radius=\u00bb5px\u00bb button_custom_padding=\u00bb15px||15px||true|false\u00bb custom_margin=\u00bb20px||10px||false|false\u00bb custom_padding=\u00bb||||false\u00bb global_colors_info=\u00bb{}\u00bb][\/dipi_button_grid_child][\/dipi_button_grid][\/et_pb_column][\/et_pb_row][et_pb_row _builder_version=\u00bb4.27.2&#8243; _module_preset=\u00bbdefault\u00bb global_colors_info=\u00bb{}\u00bb][et_pb_column type=\u00bb4_4&#8243; _builder_version=\u00bb4.27.2&#8243; _module_preset=\u00bbdefault\u00bb global_colors_info=\u00bb{}\u00bb][et_pb_divider _builder_version=\u00bb4.27.2&#8243; _module_preset=\u00bbdefault\u00bb global_colors_info=\u00bb{}\u00bb][\/et_pb_divider][\/et_pb_column][\/et_pb_row][et_pb_row column_structure=\u00bb2_5,3_5&#8243; _builder_version=\u00bb4.19.4&#8243; _module_preset=\u00bbdefault\u00bb global_colors_info=\u00bb{}\u00bb][et_pb_column type=\u00bb2_5&#8243; _builder_version=\u00bb4.19.4&#8243; _module_preset=\u00bbdefault\u00bb global_colors_info=\u00bb{}\u00bb][et_pb_image src=\u00bbhttps:\/\/lovingotham.com\/wp-content\/uploads\/2024\/10\/71tC7UP-K8L._SY466_.jpg\u00bb align=\u00bbcenter\u00bb _builder_version=\u00bb4.27.2&#8243; _module_preset=\u00bbdefault\u00bb hover_enabled=\u00bb0&#8243; global_colors_info=\u00bb{}\u00bb title_text=\u00bb71tC7UP-K8L._SY466_\u00bb sticky_enabled=\u00bb0&#8243;][\/et_pb_image][\/et_pb_column][et_pb_column type=\u00bb3_5&#8243; _builder_version=\u00bb4.19.4&#8243; _module_preset=\u00bbdefault\u00bb global_colors_info=\u00bb{}\u00bb][et_pb_text _builder_version=\u00bb4.27.2&#8243; _module_preset=\u00bbdefault\u00bb hover_enabled=\u00bb0&#8243; global_colors_info=\u00bb{}\u00bb sticky_enabled=\u00bb0&#8243;]<\/p>\n<h1 style=\"text-align: justify;\">Juego de Amor: Pierdes, Aprendes, Ganas<\/h1>\n<p><strong>por: <\/strong>Roc\u00edo Solaire Roca (Autora)<strong><br \/><strong>Idioma:<\/strong> English\/Espa\u00f1ol<br \/><strong>Fecha de publicaci\u00f3n:<\/strong> 4 de octubre de 2024<\/strong><\/p>\n<p>\u00bfQu\u00e9 pasar\u00eda si pudieras atraer la felicidad a todas las facetas de tu vida? \u00bfY si el amor verdadero est\u00e1 m\u00e1s cerca de lo que crees, esperando pacientemente a que lo descubras a trav\u00e9s de un enfoque extraordinario? <\/p>\n<p>En Game of Love, Roc\u00edo Solaire Roca Collado te invita a un viaje transformador para desbloquear el arte de manifestar la abundancia y el amor en todos los aspectos de tu vida.<\/p>\n<p>A trav\u00e9s del M\u00e9todo Solaire, este libro te equipa con herramientas esenciales para nutrir una vida significativa, donde el amor genuino trasciende los sue\u00f1os y se convierte en una realidad tangible.<\/p>\n<p>Si est\u00e1s buscando algo m\u00e1s que respuestas, si anhelas una vida en la que el amor y la alegr\u00eda se muevan juntos en perfecta armon\u00eda, este libro es tu gu\u00eda. Descubre c\u00f3mo el viaje del amor puede llevarte a la vida que siempre has so\u00f1ado. <\/p>\n<p>[\/et_pb_text][dipi_button_grid flex_direction=\u00bbrow\u00bb justify_content=\u00bbflex-start\u00bb _builder_version=\u00bb4.27.2&#8243; _module_preset=\u00bbdefault\u00bb hover_enabled=\u00bb0&#8243; global_colors_info=\u00bb{}\u00bb sticky_enabled=\u00bb0&#8243;][dipi_button_grid_child button_text=\u00bbComprar en espa\u00f1ol\u00bb button_link=\u00bbhttps:\/\/a.co\/d\/7PzIkRC\u00bb _builder_version=\u00bb4.27.2&#8243; _module_preset=\u00bbdefault\u00bb custom_button=\u00bbon\u00bb button_border_radius=\u00bb5px\u00bb button_custom_padding=\u00bb15px||15px||true|false\u00bb custom_margin=\u00bb10px||20px||false|false\u00bb hover_enabled=\u00bb0&#8243; global_colors_info=\u00bb{}\u00bb sticky_enabled=\u00bb0&#8243;][\/dipi_button_grid_child][dipi_button_grid_child button_text=\u00bbComprar en espa\u00f1ol\u00bb button_link=\u00bbhttps:\/\/a.co\/d\/7PzIkRC\u00bb _builder_version=\u00bb4.27.2&#8243; _module_preset=\u00bbdefault\u00bb custom_button=\u00bbon\u00bb button_border_radius=\u00bb5px\u00bb button_custom_padding=\u00bb15px||15px||true|false\u00bb custom_margin=\u00bb20px||10px||false|false\u00bb custom_padding=\u00bb||||false\u00bb hover_enabled=\u00bb0&#8243; global_colors_info=\u00bb{}\u00bb sticky_enabled=\u00bb0&#8243;][\/dipi_button_grid_child][\/dipi_button_grid][\/et_pb_column][\/et_pb_row][et_pb_row column_structure=\u00bb2_5,3_5&#8243; _builder_version=\u00bb4.19.4&#8243; _module_preset=\u00bbdefault\u00bb global_colors_info=\u00bb{}\u00bb][et_pb_column type=\u00bb2_5&#8243; _builder_version=\u00bb4.19.4&#8243; _module_preset=\u00bbdefault\u00bb global_colors_info=\u00bb{}\u00bb][et_pb_image src=\u00bbhttps:\/\/lovingotham.com\/wp-content\/uploads\/2023\/01\/418Ygw7eMtL._SX322_BO1204203200_.jpg\u00bb align=\u00bbcenter\u00bb _builder_version=\u00bb4.19.4&#8243; _module_preset=\u00bbdefault\u00bb global_colors_info=\u00bb{}\u00bb][\/et_pb_image][\/et_pb_column][et_pb_column type=\u00bb3_5&#8243; _builder_version=\u00bb4.19.4&#8243; _module_preset=\u00bbdefault\u00bb global_colors_info=\u00bb{}\u00bb][et_pb_text _builder_version=\u00bb4.19.4&#8243; _module_preset=\u00bbdefault\u00bb global_colors_info=\u00bb{}\u00bb]<\/p>\n<h1 style=\"text-align: justify;\"><strong>Revista Manifesting Tapa blanda \u2013 6 de enero de 2023<\/strong><\/h1>\n<p><strong>por: <\/strong>Roc\u00edo Solaire Roca (Autora), Yafreicy Brito (Autora)<strong><br \/><strong>Tirada de la tirada:<\/strong> 429 p\u00e1ginas<br \/><strong>Idioma:<\/strong> English\/Espa\u00f1ol<br \/><strong>Fecha de publicaci\u00f3n:<\/strong> 6 de enero de 2023<br \/><strong>Dimensiones:<\/strong> 5.5 x 1.01 x 8.5 pulgadas<\/strong><\/p>\n<p style=\"text-align: justify;\">C\u00f3mo usar este diario: Paso 1: Identificar Identifique sus deseos escribiendo al menos 3 cosas que desea manifestar en cada una de las siguientes categor\u00edas este a\u00f1o: familia. Proyectos. Compras. AMAR. Salud. beatitud. finanzas Paso 2: Tablero de visi\u00f3n Crea un tablero de visi\u00f3n cortando\/pegando las 3 cosas que te gustar\u00eda manifestar en cada categor\u00eda. Paso 3: Escribe tu gui\u00f3n Crea la historia de la vida que deseas manifestar escribiendo tu gui\u00f3n personalizado utilizando las im\u00e1genes de tu tablero de visi\u00f3n. Deja volar tu imaginaci\u00f3n. S\u00e9 lo m\u00e1s detallado posible. Utilizar\u00e1 esta \u00abpel\u00edcula\u00bb para realizar su ejercicio de visualizaci\u00f3n diario. Paso 4 Plan de Negocios de Vida \u00a1Crea el plan de negocios de tu vida! \u00bfAlguna vez has creado un plan de negocios? Todo plan de negocios tiene una visi\u00f3n, misi\u00f3n, objetivos, metas y estrategias. La estrategia es el plan de acci\u00f3n que tomar\u00e1s y que te llevar\u00e1 hacia tus metas, que en \u00faltima instancia te llevar\u00e1n a tus objetivos o, en este caso, \u00abla vida que deseas\u00bb. Para lograr esto, deber\u00e1 comprender cada uno de sus deseos y dividir su estrategia en objetivos diarios, semanales, mensuales y trimestrales. Paso 5: Acci\u00f3n: Haz una lista de las acciones diarias que est\u00e1s realizando para alcanzar tus objetivos. Despi\u00e9rtate con gratitud y comienza el d\u00eda dando gracias. ORAR: Solo para dar gracias y pedir orientaci\u00f3n a lo largo del d\u00eda. Medita, calma tu mente y pide y permite que tu ser interior te gu\u00ede a lo largo del d\u00eda. Paso 5: Evaluaciones semanales\/mensuales\/trimestrales: Personaliza tu propio ritual semanal de cuidado personal. Haz una lista de tus logros de la semana y planifica la semana con anticipaci\u00f3n. Al final de cada mes, vea d\u00f3nde se encuentra y planifique para el mes siguiente. Utilice la Rueda del Bienestar despu\u00e9s de cada trimestre para calificarse en cada categor\u00eda.                      <\/p>\n<p>[\/et_pb_text][dipi_button_grid flex_direction=\u00bbrow\u00bb justify_content=\u00bbflex-start\u00bb _builder_version=\u00bb4.27.2&#8243; _module_preset=\u00bbdefault\u00bb global_colors_info=\u00bb{}\u00bb][dipi_button_grid_child button_text=\u00bbComprar en espa\u00f1ol\u00bb button_link=\u00bbhttps:\/\/a.co\/d\/fisWVtp\u00bb _builder_version=\u00bb4.27.2&#8243; _module_preset=\u00bbdefault\u00bb custom_button=\u00bbon\u00bb button_border_radius=\u00bb5px\u00bb button_custom_padding=\u00bb15px||15px||true|false\u00bb custom_margin=\u00bb10px||20px||false|false\u00bb global_colors_info=\u00bb{}\u00bb][\/dipi_button_grid_child][dipi_button_grid_child button_text=\u00bbComprar en espa\u00f1ol\u00bb button_link=\u00bbhttps:\/\/a.co\/d\/317hW5R\u00bb _builder_version=\u00bb4.27.2&#8243; _module_preset=\u00bbdefault\u00bb custom_button=\u00bbon\u00bb button_border_radius=\u00bb5px\u00bb button_custom_padding=\u00bb15px||15px||true|false\u00bb custom_margin=\u00bb20px||10px||false|false\u00bb custom_padding=\u00bb||||false\u00bb global_colors_info=\u00bb{}\u00bb][\/dipi_button_grid_child][\/dipi_button_grid][\/et_pb_column][\/et_pb_row][\/et_pb_section]<\/p>\n","protected":false},"excerpt":{"rendered":"<p>Juego de amor \u00a1Aprende y Gana! Descubre las reglas y estrategias para ganar en el juego del amor Todo juego viene con instrucciones y una estrategia ganadora. El juego del amor no es la excepci\u00f3n. En este curso, aprender\u00e1s a comprender y aplicar las reglas esenciales para construir relaciones amorosas saludables y duraderas. \u00bfQu\u00e9 aprender\u00e1s? [&hellip;]<\/p>\n","protected":false},"author":2,"featured_media":0,"parent":0,"menu_order":0,"comment_status":"closed","ping_status":"closed","template":"","meta":{"_et_pb_use_builder":"on","_et_pb_old_content":"","_et_gb_content_width":"","footnotes":""},"dipi_cpt_category":[],"class_list":["post-25957957","page","type-page","status-publish","hentry"],"_links":{"self":[{"href":"https:\/\/lovingotham.com\/es\/wp-json\/wp\/v2\/pages\/25957957","targetHints":{"allow":["GET"]}}],"collection":[{"href":"https:\/\/lovingotham.com\/es\/wp-json\/wp\/v2\/pages"}],"about":[{"href":"https:\/\/lovingotham.com\/es\/wp-json\/wp\/v2\/types\/page"}],"author":[{"embeddable":true,"href":"https:\/\/lovingotham.com\/es\/wp-json\/wp\/v2\/users\/2"}],"replies":[{"embeddable":true,"href":"https:\/\/lovingotham.com\/es\/wp-json\/wp\/v2\/comments?post=25957957"}],"version-history":[{"count":0,"href":"https:\/\/lovingotham.com\/es\/wp-json\/wp\/v2\/pages\/25957957\/revisions"}],"wp:attachment":[{"href":"https:\/\/lovingotham.com\/es\/wp-json\/wp\/v2\/media?parent=25957957"}],"wp:term":[{"taxonomy":"dipi_cpt_category","embeddable":true,"href":"https:\/\/lovingotham.com\/es\/wp-json\/wp\/v2\/dipi_cpt_category?post=25957957"}],"curies":[{"name":"wp","href":"https:\/\/api.w.org\/{rel}","templated":true}]}}