{"id":25957956,"date":"2023-04-07T11:01:39","date_gmt":"2023-04-07T15:01:39","guid":{"rendered":"https:\/\/lovingotham.com\/club-de-damas\/"},"modified":"2025-07-24T02:52:21","modified_gmt":"2025-07-24T06:52:21","slug":"club-de-damas","status":"publish","type":"page","link":"https:\/\/lovingotham.com\/es\/club-de-damas\/","title":{"rendered":"Club de damas"},"content":{"rendered":"<p>[et_pb_section fb_built=\u00bb1&#8243; _builder_version=\u00bb4.20.4&#8243; _module_preset=\u00bbdefault\u00bb custom_padding=\u00bb100px||||false|false\u00bb global_colors_info=\u00bb{}\u00bb][et_pb_row _builder_version=\u00bb4.27.0&#8243; _module_preset=\u00bbdefault\u00bb width=\u00bb45%\u00bb width_tablet=\u00bb45%\u00bb width_phone=\u00bb95%\u00bb width_last_edited=\u00bbon|phone\u00bb custom_padding=\u00bb||35px||false|false\u00bb locked=\u00bboff\u00bb global_colors_info=\u00bb{}\u00bb][et_pb_column type=\u00bb4_4&#8243; _builder_version=\u00bb4.27.0&#8243; _module_preset=\u00bbdefault\u00bb global_colors_info=\u00bb{}\u00bb][et_pb_text _builder_version=\u00bb4.27.2&#8243; _module_preset=\u00bbdefault\u00bb header_2_font=\u00bb|600|||||||\u00bb header_2_font_size=\u00bb41px\u00bb custom_margin=\u00bb||27px|||\u00bb global_colors_info=\u00bb{}\u00bb]<\/p>\n<h2 style=\"text-align: center;\">Bienvenidos al Club de Damas de Gotham<\/h2>\n<p>[\/et_pb_text][et_pb_text _builder_version=\u00bb4.27.2&#8243; _module_preset=\u00bbdefault\u00bb global_colors_info=\u00bb{}\u00bb]<\/p>\n<p style=\"text-align: center;\">Con\u00e9ctese, aprenda y transforme su vida a trav\u00e9s de nuestras lecturas y conversaciones en el Gotham Ladies Club<\/p>\n<p>[\/et_pb_text][\/et_pb_column][\/et_pb_row][et_pb_row _builder_version=\u00bb4.27.2&#8243; _module_preset=\u00bbdefault\u00bb custom_padding=\u00bb0px||0px||true|\u00bb global_colors_info=\u00bb{}\u00bb][et_pb_column type=\u00bb4_4&#8243; _builder_version=\u00bb4.27.2&#8243; _module_preset=\u00bbdefault\u00bb global_colors_info=\u00bb{}\u00bb][dipi_filterable_grid select_post_type=\u00bbproject\u00bb select_custom_tax=\u00bbproject_category\u00bb include_term_ids_of_project_category=\u00bb56&#8243; pagination_type=\u00bbinfinite_scroll\u00bb filter_tab_alignment=\u00bbcenter\u00bb show_all_filter=\u00bboff\u00bb grid_layout=\u00bbgrid\u00bb grid_animation=\u00bbfadeInUpShort\u00bb fix_lazy=\u00bbon\u00bb use_post_link=\u00bbon\u00bb post_link_target=\u00bb_self\u00bb use_overlay=\u00bbon\u00bb show_lightbox_link_icon=\u00bboff\u00bb icon_in_overlay=\u00bbon\u00bb hover_icon=\u00bb&#xf086;||fa||900&#8243; title_in_overlay=\u00bbon\u00bb excerpt_in_overlay=\u00bbon\u00bb excerpt_length_in_overlay=\u00bb120&#8243; overlay_bg_color=\u00bbRGBA(255,255,255,0)\u00bb overlay_icon_use_icon_font_size=\u00bbon\u00bb overlay_icon_font_size=\u00bb32px\u00bb columns_tablet=\u00bb\u00bb columns_phone=\u00bb1&#8243; columns_last_edited=\u00bbon|phone\u00bb _builder_version=\u00bb4.27.2&#8243; _module_preset=\u00bbdefault\u00bb header_text_color=\u00bb#ffffff\u00bb header_font_size=\u00bb26px\u00bb excerpt_text_color=\u00bb#ffffff\u00bb excerpt_font_size=\u00bb16px\u00bb hover_enabled=\u00bb0&#8243; global_colors_info=\u00bb{}\u00bb overlay_bg_color__hover_enabled=\u00bboff|hover\u00bb overlay_bg_enable_color__hover=\u00bbon\u00bb sticky_enabled=\u00bb0&#8243;][\/dipi_filterable_grid][\/et_pb_column][\/et_pb_row][\/et_pb_section][et_pb_section fb_built=\u00bb1&#8243; _builder_version=\u00bb4.27.2&#8243; _module_preset=\u00bbdefault\u00bb global_colors_info=\u00bb{}\u00bb][et_pb_row _builder_version=\u00bb4.27.2&#8243; _module_preset=\u00bbdefault\u00bb global_colors_info=\u00bb{}\u00bb][et_pb_column type=\u00bb4_4&#8243; _builder_version=\u00bb4.27.2&#8243; _module_preset=\u00bbdefault\u00bb global_colors_info=\u00bb{}\u00bb][et_pb_divider _builder_version=\u00bb4.27.2&#8243; _module_preset=\u00bbdefault\u00bb global_colors_info=\u00bb{}\u00bb][\/et_pb_divider][\/et_pb_column][\/et_pb_row][et_pb_row column_structure=\u00bb1_3,1_3,1_3&#8243; _builder_version=\u00bb4.27.2&#8243; _module_preset=\u00bbdefault\u00bb global_colors_info=\u00bb{}\u00bb][et_pb_column type=\u00bb1_3&#8243; _builder_version=\u00bb4.27.2&#8243; _module_preset=\u00bbdefault\u00bb global_colors_info=\u00bb{}\u00bb][et_pb_blurb title=\u00bbNuestro lema\u00bb use_icon=\u00bbon\u00bb _builder_version=\u00bb4.27.2&#8243; _module_preset=\u00bbdefault\u00bb header_text_align=\u00bbcenter\u00bb header_font_size=\u00bb26px\u00bb body_text_align=\u00bbcenter\u00bb global_colors_info=\u00bb{}\u00bb]<\/p>\n<p style=\"text-align: center;\">La uni\u00f3n hace la fuerza, pero el m\u00e1ximo nivel de \u00e9xito se logra a trav\u00e9s del poder de la colaboraci\u00f3n.<\/p>\n<p>[\/et_pb_blurb][\/et_pb_column][et_pb_column type=\u00bb1_3&#8243; _builder_version=\u00bb4.27.2&#8243; _module_preset=\u00bbdefault\u00bb global_colors_info=\u00bb{}\u00bb][et_pb_blurb title=\u00bbVisi\u00f3n\u00bb use_icon=\u00bbon\u00bb _builder_version=\u00bb4.27.2&#8243; _module_preset=\u00bbdefault\u00bb header_text_align=\u00bbcenter\u00bb header_font_size=\u00bb26px\u00bb body_text_align=\u00bbcenter\u00bb global_colors_info=\u00bb{}\u00bb]<\/p>\n<p style=\"text-align: center;\">Crear un grupo inclusivo de mujeres empresarias orientado a resultados.<\/p>\n<p>[\/et_pb_blurb][\/et_pb_column][et_pb_column type=\u00bb1_3&#8243; _builder_version=\u00bb4.27.2&#8243; _module_preset=\u00bbdefault\u00bb global_colors_info=\u00bb{}\u00bb][et_pb_text _builder_version=\u00bb4.27.2&#8243; _module_preset=\u00bbdefault\u00bb header_2_font=\u00bb|600|||||||\u00bb header_2_font_size=\u00bb41px\u00bb custom_margin=\u00bb||27px|||\u00bb global_colors_info=\u00bb{}\u00bb]<\/p>\n<p><em>Club de Lectura de Damas de Gotham \u00abCreo que la suerte es la preparaci\u00f3n, la oportunidad de encuentro. Si no hubieras estado preparado cuando se present\u00f3 la oportunidad, no habr\u00edas tenido &#8216;suerte'\u00bb.<\/em><\/p>\n<p>&#8211; Oprah<\/p>\n<p>[\/et_pb_text][\/et_pb_column][\/et_pb_row][et_pb_row column_structure=\u00bb1_3,1_3,1_3&#8243; _builder_version=\u00bb4.27.2&#8243; _module_preset=\u00bbdefault\u00bb global_colors_info=\u00bb{}\u00bb][et_pb_column type=\u00bb1_3&#8243; _builder_version=\u00bb4.27.2&#8243; _module_preset=\u00bbdefault\u00bb global_colors_info=\u00bb{}\u00bb][et_pb_blurb title=\u00bbRequisitos\u00bb use_icon=\u00bbon\u00bb title_last_edited=\u00bboff|desktop\u00bb _builder_version=\u00bb4.27.2&#8243; _module_preset=\u00bbdefault\u00bb header_text_align=\u00bbleft\u00bb header_font_size=\u00bb26px\u00bb body_text_align=\u00bbcenter\u00bb global_colors_info=\u00bb{}\u00bb]<\/p>\n<ul>\n<li style=\"text-align: left;\">S\u00edguenos en las redes sociales.<\/li>\n<li style=\"text-align: left;\">Ap\u00f3yense mutuamente compartiendo experiencias\/habilidades y ofreciendo ayuda\/colaborando entre s\u00ed.<\/li>\n<li style=\"text-align: left;\">Elige un negocio (m\u00ednimo) para promocionar en las redes sociales.<\/li>\n<li style=\"text-align: left;\">Elija un negocio mensual para \u00abadoptar\u00bb (comprar y\/o enviar referencias).<\/li>\n<\/ul>\n<p>[\/et_pb_blurb][\/et_pb_column][et_pb_column type=\u00bb1_3&#8243; _builder_version=\u00bb4.27.2&#8243; _module_preset=\u00bbdefault\u00bb global_colors_info=\u00bb{}\u00bb][et_pb_blurb title=\u00bbResponsabilidades\u00bb use_icon=\u00bbon\u00bb title_last_edited=\u00bboff|desktop\u00bb _builder_version=\u00bb4.27.2&#8243; _module_preset=\u00bbdefault\u00bb header_text_align=\u00bbleft\u00bb header_font_size=\u00bb26px\u00bb body_text_align=\u00bbcenter\u00bb global_colors_info=\u00bb{}\u00bb]<\/p>\n<ul>\n<li style=\"text-align: left;\">BYOB.<\/li>\n<li style=\"text-align: left;\">Ven preparado con lo que necesites ayuda.<\/li>\n<li style=\"text-align: left;\">Mantente al d\u00eda con tu lectura\/desarrollo profesional.<\/li>\n<\/ul>\n<p>[\/et_pb_blurb][\/et_pb_column][et_pb_column type=\u00bb1_3&#8243; _builder_version=\u00bb4.27.2&#8243; _module_preset=\u00bbdefault\u00bb global_colors_info=\u00bb{}\u00bb][et_pb_blurb title=\u00bbLea nuestros principios\u00bb use_icon=\u00bbon\u00bb _builder_version=\u00bb4.27.2&#8243; _module_preset=\u00bbdefault\u00bb header_text_align=\u00bbcenter\u00bb header_font_size=\u00bb26px\u00bb body_text_align=\u00bbcenter\u00bb global_colors_info=\u00bb{}\u00bb]<\/p>\n<p><a href=\"https:\/\/docs.google.com\/presentation\/d\/1ldKGGUYtASXXwSsv_WD8VOLoGpe2qA32\/edit#slide=id.p2\" target=\"_blank\" rel=\"noopener\">Descargue el documento aqu\u00ed.<\/a><\/p>\n<p>[\/et_pb_blurb][\/et_pb_column][\/et_pb_row][\/et_pb_section]<\/p>\n","protected":false},"excerpt":{"rendered":"<p>Bienvenidos al Club de Damas de GothamCon\u00e9ctese, aprenda y transforme su vida a trav\u00e9s de nuestras lecturas y conversaciones en el Gotham Ladies Club<div class=\"et_pb_module dipi_filterable_grid dipi_filterable_grid_0\">\n\t\t\t\t\n\t\t\t\t\n\t\t\t\t\n\t\t\t\t\n\t\t\t\t\n\t\t\t\t\n\t\t\t\t<div class=\"et_pb_module_inner\">\n\t\t\t\t\t<div class=\"dipi_filterable_grid_wrapper\" data-config=\"{&quot;infinite_scroll_viewport&quot;:&quot;25%&quot;,&quot;scroll_to_top&quot;:{&quot;desktop&quot;:&quot;off&quot;,&quot;tablet&quot;:&quot;off&quot;,&quot;phone&quot;:&quot;off&quot;},&quot;scroll_to_top_offset&quot;:{&quot;desktop&quot;:&quot;0px&quot;,&quot;tablet&quot;:&quot;0px&quot;,&quot;phone&quot;:&quot;0px&quot;},&quot;ajax_loading&quot;:&quot;off&quot;,&quot;post_ids_by_terms&quot;:[],&quot;posts_per_page&quot;:&quot;10&quot;,&quot;image_size_desktop&quot;:&quot;full&quot;,&quot;image_size_tablet&quot;:&quot;full&quot;,&quot;image_size_phone&quot;:&quot;full&quot;,&quot;header_level&quot;:&quot;h4&quot;,&quot;grid_item_title_level&quot;:&quot;h4&quot;,&quot;show_date&quot;:&quot;off&quot;,&quot;read_more&quot;:&quot;off&quot;,&quot;read_more_use_icon&quot;:&quot;on&quot;,&quot;read_more_icon&quot;:&quot;&quot;,&quot;read_more_link_target&quot;:&quot;_self&quot;,&quot;use_overlay&quot;:&quot;\\u00bbon\\u00bb&quot;,&quot;show_lightbox_link_icon&quot;:&quot;\\u00bboff\\u00bb&quot;,&quot;overlay_icon_use_circle&quot;:&quot;on&quot;,&quot;overlay_icon_use_circle_border&quot;:&quot;off&quot;,&quot;icon_animation&quot;:&quot;fadeInUp&quot;,&quot;icon_in_overlay&quot;:&quot;\\u00bbon\\u00bb&quot;,&quot;hover_icon&quot;:&quot;&quot;,&quot;title_in_overlay&quot;:&quot;\\u00bbon\\u00bb&quot;,&quot;title_animation&quot;:&quot;fadeInUp&quot;,&quot;enable_html_on_grid&quot;:&quot;off&quot;,&quot;enable_html_in_overlay&quot;:&quot;off&quot;,&quot;enable_shortcode_on_grid&quot;:&quot;off&quot;,&quot;enable_shortcode_in_overlay&quot;:&quot;off&quot;,&quot;excerpt_in_overlay&quot;:&quot;\\u00bbon\\u00bb&quot;,&quot;excerpt_length_in_overlay&quot;:&quot;\\u00bb120&#8243;&quot;,&quot;excerpt_animation&quot;:&quot;fadeInUp&quot;,&quot;show_custom_taxonomy&quot;:&quot;off&quot;,&quot;select_custom_tax&quot;:&quot;\\u00bbproject_category\\u00bb&quot;,&quot;show_taxonomy_link&quot;:&quot;off&quot;,&quot;show_post_title&quot;:&quot;off&quot;,&quot;show_post_excerpt&quot;:&quot;off&quot;,&quot;excerpt_length&quot;:&quot;100&quot;,&quot;show_author_avatar&quot;:&quot;off&quot;,&quot;show_author&quot;:&quot;off&quot;,&quot;author_prefix&quot;:&quot;By&quot;,&quot;read_more_text&quot;:&quot;Read More&quot;,&quot;title_in_lightbox&quot;:&quot;off&quot;,&quot;excerpt_in_lightbox&quot;:&quot;off&quot;,&quot;image_animation&quot;:&quot;none&quot;,&quot;fix_lazy&quot;:&quot;\\u00bbon\\u00bb&quot;,&quot;link_elements&quot;:&quot;on|on|on&quot;,&quot;use_post_link&quot;:&quot;\\u00bbon\\u00bb&quot;,&quot;post_link_target&quot;:&quot;\\u00bb_self\\u00bb&quot;,&quot;grid_animation_delay&quot;:&quot;0ms&quot;,&quot;sticky_filter_bar_top&quot;:{&quot;desktop&quot;:&quot;80px&quot;,&quot;tablet&quot;:&quot;80px&quot;,&quot;phone&quot;:&quot;80px&quot;}}\">\n                <div class=\"alert\" data-items-count=\"0\">\n                    Please Select <strong>'Included \u00bbproject_category\u00bb'<\/strong> to show in filter bar.\n                    <br>\n                    If you still didn't add terms of <strong>'\u00bbproject_category\u00bb'<\/strong>,\n                    you can add new terms and assign.\n                <\/div>\n            <div\n                class=\"dipi-filtered-posts-container\"\n                data-items-count=\"0\"\n            >\n                \n             <\/div>\n            <\/div>\n           \n\t\t\t\t<\/div>\n\t\t\t<\/div><\/p>\n","protected":false},"author":2,"featured_media":0,"parent":0,"menu_order":0,"comment_status":"closed","ping_status":"closed","template":"","meta":{"_et_pb_use_builder":"on","_et_pb_old_content":"","_et_gb_content_width":"","footnotes":""},"dipi_cpt_category":[],"class_list":["post-25957956","page","type-page","status-publish","hentry"],"_links":{"self":[{"href":"https:\/\/lovingotham.com\/es\/wp-json\/wp\/v2\/pages\/25957956","targetHints":{"allow":["GET"]}}],"collection":[{"href":"https:\/\/lovingotham.com\/es\/wp-json\/wp\/v2\/pages"}],"about":[{"href":"https:\/\/lovingotham.com\/es\/wp-json\/wp\/v2\/types\/page"}],"author":[{"embeddable":true,"href":"https:\/\/lovingotham.com\/es\/wp-json\/wp\/v2\/users\/2"}],"replies":[{"embeddable":true,"href":"https:\/\/lovingotham.com\/es\/wp-json\/wp\/v2\/comments?post=25957956"}],"version-history":[{"count":0,"href":"https:\/\/lovingotham.com\/es\/wp-json\/wp\/v2\/pages\/25957956\/revisions"}],"wp:attachment":[{"href":"https:\/\/lovingotham.com\/es\/wp-json\/wp\/v2\/media?parent=25957956"}],"wp:term":[{"taxonomy":"dipi_cpt_category","embeddable":true,"href":"https:\/\/lovingotham.com\/es\/wp-json\/wp\/v2\/dipi_cpt_category?post=25957956"}],"curies":[{"name":"wp","href":"https:\/\/api.w.org\/{rel}","templated":true}]}}