{"id":25957951,"date":"2023-01-30T14:22:20","date_gmt":"2023-01-30T19:22:20","guid":{"rendered":"https:\/\/lovingotham.com\/acerca-de-yafreicy\/"},"modified":"2025-07-23T06:13:20","modified_gmt":"2025-07-23T10:13:20","slug":"acerca-de-yafreicy","status":"publish","type":"page","link":"https:\/\/lovingotham.com\/es\/acerca-de-yafreicy\/","title":{"rendered":"Acerca de Yafreicy"},"content":{"rendered":"[et_pb_section fb_built=\u00bb1&#8243; admin_label=\u00bbsection\u00bb _builder_version=\u00bb4.19.4&#8243; global_colors_info=\u00bb{}\u00bb][et_pb_row column_structure=\u00bb2_5,3_5&#8243; admin_label=\u00bbfila\u00bb _builder_version=\u00bb4.16&#8243; background_size=\u00bbinitial\u00bb background_position=\u00bbtop_left\u00bb background_repeat=\u00bbrepeat\u00bb custom_padding=\u00bb0px|||||\u00bb global_colors_info=\u00bb{}\u00bb][et_pb_column type=\u00bb2_5&#8243; _builder_version=\u00bb4.16&#8243; custom_padding=\u00bb|||\u00bb global_colors_info=\u00bb{}\u00bb custom_padding__hover=\u00bb|||\u00bb][et_pb_image src=\u00bbhttps:\/\/lovingotham.com\/wp-content\/uploads\/2023\/01\/yafreicy-brito-martes-lovingotham.jpg\u00bb title_text=\u00bbYafreicy Brito Martes &#8211; Lovingotham\u00bb _builder_version=\u00bb4.19.4&#8243; _module_preset=\u00bbdefault\u00bb global_colors_info=\u00bb{}\u00bb][\/et_pb_image][et_pb_text _builder_version=\u00bb4.19.4&#8243; _module_preset=\u00bbdefault\u00bb custom_margin=\u00bb||0px||false|false\u00bb global_colors_info=\u00bb{}\u00bb]<h1>Yafreicy Brito<\/h1>[\/et_pb_text][et_pb_divider color=\u00bb#EAA6CB\u00bb _builder_version=\u00bb4.19.4&#8243; _module_preset=\u00bbdefault\u00bb global_module=\u00bb1417&#8243; global_colors_info=\u00bb{}\u00bb][\/et_pb_divider][et_pb_blog posts_number=\u00bb1&#8243; include_categories=\u00bb33&#8243; show_thumbnail=\u00bboff\u00bb excerpt_length=\u00bb160&#8243; show_more=\u00bbon\u00bb show_author=\u00bboff\u00bb show_date=\u00bboff\u00bb show_categories=\u00bboff\u00bb show_pagination=\u00bboff\u00bb _builder_version=\u00bb4.19.4&#8243; _module_preset=\u00bbdefault\u00bb text_orientation=\u00bbjustified\u00bb custom_margin=\u00bb||-1px|||\u00bb global_colors_info=\u00bb{}\u00bb][\/et_pb_blog][et_pb_button button_url=\u00bbhttps:\/\/lovingotham.com\/author\/yafreicy-brito\/\u00bb button_text=\u00bbLeer todos los post de Yafreicy\u00bb button_alignment=\u00bbleft\u00bb _builder_version=\u00bb4.19.4&#8243; _module_preset=\u00bbdefault\u00bb global_colors_info=\u00bb{}\u00bb global_module=\u00bb1455&#8243; theme_builder_area=\u00bbpost_content\u00bb][\/et_pb_button][\/et_pb_column][et_pb_column type=\u00bb3_5&#8243; _builder_version=\u00bb4.16&#8243; custom_padding=\u00bb|||\u00bb global_colors_info=\u00bb{}\u00bb custom_padding__hover=\u00bb|||\u00bb][et_pb_text admin_label=\u00bbText\u00bb _builder_version=\u00bb4.19.4&#8243; background_size=\u00bbinitial\u00bb background_position=\u00bbtop_left\u00bb background_repeat=\u00bbrepeat\u00bb global_colors_info=\u00bb{}\u00bb]<p style=\"text-align: justify;\">Nac\u00ed y crec\u00ed en la Rep\u00fablica Dominicana hasta que llegu\u00e9 a los Estados Unidos con mis padres a los 13 a\u00f1os. Dejar atr\u00e1s a mis amigos y familiares fue desgarrador y me llev\u00f3 un tiempo adaptarme.<\/p>\n<p style=\"text-align: justify;\">Debido a que nos establecimos en el Bronx, Nueva York, que es predominantemente hispano, aprender ingl\u00e9s fue extremadamente desafiante. Pero fui criada por una \u00abmujer maravilla\u00bb que me ense\u00f1\u00f3 que rendirme no era una opci\u00f3n y me recordaba constantemente que la raz\u00f3n por la que vinimos aqu\u00ed no era simplemente para sobrevivir, sino para lograr el sue\u00f1o americano.<\/p>\n<p style=\"text-align: justify;\">Extrovertido por naturaleza, siempre me sent\u00ed atra\u00eddo por las artes. Tom\u00e9 clases de baile y compet\u00ed en concursos de talentos. Fui a escuelas de modelaje y tom\u00e9 clases de arte. Durante mis muchas visitas a Times Square so\u00f1\u00e9 con verme en una de esas vallas publicitarias gigantes. A lo largo de los a\u00f1os, segu\u00ed probando diferentes cosas en la b\u00fasqueda de encontrar mi pasi\u00f3n y prop\u00f3sito.<\/p>\n<p style=\"text-align: justify;\">Al estar expuesta a tantas trayectorias profesionales y pasatiempos diferentes, y con la ayuda de mi familia y amigos, finalmente descubr\u00ed una verdadera pasi\u00f3n por elevar a los dem\u00e1s. Mis amigos y familiares a menudo acud\u00edan a m\u00ed en busca de consejos y me animaban a convertirme en terapeuta. As\u00ed que despu\u00e9s de la escuela secundaria, me inscrib\u00ed en la universidad para seguir una carrera en psicolog\u00eda.<\/p>\n<p style=\"text-align: justify;\">Cuatro a\u00f1os despu\u00e9s, emocionado por la graduaci\u00f3n, me enfrent\u00e9 a otro desaf\u00edo: COVID. Apliqu\u00e9 a diferentes puestos, pero me rechazaron cada vez. Esto me empuj\u00f3 a una profunda depresi\u00f3n. Sent\u00eda que mi vida no ten\u00eda sentido y no sab\u00eda c\u00f3mo iba a salir de esta rutina negativa. Hasta que un d\u00eda decid\u00ed levantarme y empezar a hacer v\u00eddeos.<\/p>\n<p style=\"text-align: justify;\">Cre\u00e9 un canal de YouTube y comenc\u00e9 a compartir mi propio viaje con la esperanza de ayudar a guiar a otros. Mis videos se hicieron con la intenci\u00f3n de crear conciencia sobre todos los desaf\u00edos que enfrentan las comunidades subrepresentadas al intentar obtener una educaci\u00f3n superior. Y c\u00f3mo construir la red adecuada para estar expuesto a las mejores oportunidades laborales.<\/p>\n<p style=\"text-align: justify;\">Hoy en d\u00eda, tengo una licenciatura en Psicolog\u00eda con dos asignaturas secundarias en Sociolog\u00eda y Recursos Humanos respectivamente. Mi mayor pasi\u00f3n es ayudar a guiar a nuestros j\u00f3venes hacia la b\u00fasqueda de sus propios sue\u00f1os, utilizando mis propias experiencias de vida y credenciales. S\u00e9 que juntos podemos construir un ma\u00f1ana mejor y m\u00e1s brillante para las generaciones futuras.<\/p>\n<p style=\"text-align: justify;\"><\/p>\n<p><!-- \/wp:post-content --><\/p>[\/et_pb_text][\/et_pb_column][\/et_pb_row][\/et_pb_section]<!-- \/wp:freeform -->","protected":false},"excerpt":{"rendered":"<p>Yafreicy BritoNac\u00ed y crec\u00ed en la Rep\u00fablica Dominicana hasta que llegu\u00e9 a los Estados Unidos con mis padres a los 13 a\u00f1os. Dejar atr\u00e1s a mis amigos y familiares fue desgarrador y me llev\u00f3 un tiempo adaptarme. Debido a que nos establecimos en el Bronx, Nueva York, que es predominantemente hispano, aprender ingl\u00e9s fue extremadamente [&hellip;]<\/p>\n","protected":false},"author":2,"featured_media":0,"parent":0,"menu_order":0,"comment_status":"closed","ping_status":"closed","template":"","meta":{"_et_pb_use_builder":"on","_et_pb_old_content":"","_et_gb_content_width":"","footnotes":""},"dipi_cpt_category":[],"class_list":["post-25957951","page","type-page","status-publish","hentry"],"_links":{"self":[{"href":"https:\/\/lovingotham.com\/es\/wp-json\/wp\/v2\/pages\/25957951","targetHints":{"allow":["GET"]}}],"collection":[{"href":"https:\/\/lovingotham.com\/es\/wp-json\/wp\/v2\/pages"}],"about":[{"href":"https:\/\/lovingotham.com\/es\/wp-json\/wp\/v2\/types\/page"}],"author":[{"embeddable":true,"href":"https:\/\/lovingotham.com\/es\/wp-json\/wp\/v2\/users\/2"}],"replies":[{"embeddable":true,"href":"https:\/\/lovingotham.com\/es\/wp-json\/wp\/v2\/comments?post=25957951"}],"version-history":[{"count":0,"href":"https:\/\/lovingotham.com\/es\/wp-json\/wp\/v2\/pages\/25957951\/revisions"}],"wp:attachment":[{"href":"https:\/\/lovingotham.com\/es\/wp-json\/wp\/v2\/media?parent=25957951"}],"wp:term":[{"taxonomy":"dipi_cpt_category","embeddable":true,"href":"https:\/\/lovingotham.com\/es\/wp-json\/wp\/v2\/dipi_cpt_category?post=25957951"}],"curies":[{"name":"wp","href":"https:\/\/api.w.org\/{rel}","templated":true}]}}